{"id":72,"date":"2021-09-30T00:12:19","date_gmt":"2021-09-29T22:12:19","guid":{"rendered":"http:\/\/stephanielantz.fr\/?page_id=72"},"modified":"2022-04-14T11:23:36","modified_gmt":"2022-04-14T09:23:36","slug":"acceuil","status":"publish","type":"page","link":"https:\/\/stephanielantz.fr\/","title":{"rendered":"Accueil"},"content":{"rendered":"\t\t<div data-elementor-type=\"wp-page\" data-elementor-id=\"72\" class=\"elementor elementor-72\">\n\t\t\t\t\t\t<section class=\"elementor-section elementor-top-section elementor-element elementor-element-9db78f3 elementor-section-boxed elementor-section-height-default elementor-section-height-default\" data-id=\"9db78f3\" data-element_type=\"section\">\n\t\t\t\t\t\t<div class=\"elementor-container elementor-column-gap-default\">\n\t\t\t\t\t<div class=\"elementor-column elementor-col-100 elementor-top-column elementor-element elementor-element-81486fa\" data-id=\"81486fa\" data-element_type=\"column\">\n\t\t\t<div class=\"elementor-widget-wrap elementor-element-populated\">\n\t\t\t\t\t\t<div class=\"elementor-element elementor-element-5f616a4 elementor-hidden-desktop elementor-hidden-tablet elementor-hidden-mobile elementor-widget elementor-widget-heading\" data-id=\"5f616a4\" data-element_type=\"widget\" data-widget_type=\"heading.default\">\n\t\t\t\t<div class=\"elementor-widget-container\">\n\t\t\t\t\t<h2 class=\"elementor-heading-title elementor-size-xxl\"><br>Accueil<\/h2>\t\t\t\t<\/div>\n\t\t\t\t<\/div>\n\t\t\t\t<div class=\"elementor-element elementor-element-df89e78 elementor-hidden-mobile elementor-widget elementor-widget-image\" data-id=\"df89e78\" data-element_type=\"widget\" data-widget_type=\"image.default\">\n\t\t\t\t<div class=\"elementor-widget-container\">\n\t\t\t\t\t\t\t\t\t\t\t\t\t\t\t<img decoding=\"async\" width=\"291\" height=\"112\" src=\"https:\/\/stephanielantz.fr\/wp-content\/uploads\/2022\/04\/Titre-acceuil.png\" class=\"attachment-medium_large size-medium_large wp-image-1188\" alt=\"\" \/>\t\t\t\t\t\t\t\t\t\t\t\t\t\t\t<\/div>\n\t\t\t\t<\/div>\n\t\t\t\t<div class=\"elementor-element elementor-element-0553c0e elementor-hidden-desktop elementor-hidden-tablet elementor-widget elementor-widget-image\" data-id=\"0553c0e\" data-element_type=\"widget\" data-widget_type=\"image.default\">\n\t\t\t\t<div class=\"elementor-widget-container\">\n\t\t\t\t\t\t\t\t\t\t\t\t\t\t\t<img decoding=\"async\" width=\"291\" height=\"112\" src=\"https:\/\/stephanielantz.fr\/wp-content\/uploads\/2022\/04\/Titre-acceuil.png\" class=\"attachment-medium_large size-medium_large wp-image-1188\" alt=\"\" \/>\t\t\t\t\t\t\t\t\t\t\t\t\t\t\t<\/div>\n\t\t\t\t<\/div>\n\t\t\t\t\t<\/div>\n\t\t<\/div>\n\t\t\t\t\t<\/div>\n\t\t<\/section>\n\t\t\t\t<section class=\"elementor-section elementor-top-section elementor-element elementor-element-fd2b63c elementor-section-boxed elementor-section-height-default elementor-section-height-default\" data-id=\"fd2b63c\" data-element_type=\"section\">\n\t\t\t\t\t\t<div class=\"elementor-container elementor-column-gap-default\">\n\t\t\t\t\t<div class=\"elementor-column elementor-col-50 elementor-top-column elementor-element elementor-element-1798699\" data-id=\"1798699\" data-element_type=\"column\">\n\t\t\t<div class=\"elementor-widget-wrap elementor-element-populated\">\n\t\t\t\t\t\t<div class=\"elementor-element elementor-element-aa94307 elementor-widget elementor-widget-text-editor\" data-id=\"aa94307\" data-element_type=\"widget\" data-widget_type=\"text-editor.default\">\n\t\t\t\t<div class=\"elementor-widget-container\">\n\t\t\t\t\t\t\t\t\t<p><em><strong>Bienvenue\u00a0!<\/strong><\/em><\/p><p><strong><em>\u00a0<\/em><\/strong><strong><em>Pour une \u00e9criture lisible, confortable et fluide<\/em><\/strong><\/p>\t\t\t\t\t\t\t\t<\/div>\n\t\t\t\t<\/div>\n\t\t\t\t\t<\/div>\n\t\t<\/div>\n\t\t\t\t<div class=\"elementor-column elementor-col-50 elementor-top-column elementor-element elementor-element-248d327\" data-id=\"248d327\" data-element_type=\"column\">\n\t\t\t<div class=\"elementor-widget-wrap elementor-element-populated\">\n\t\t\t\t\t\t<div class=\"elementor-element elementor-element-3da5522 elementor-widget elementor-widget-image\" data-id=\"3da5522\" data-element_type=\"widget\" data-widget_type=\"image.default\">\n\t\t\t\t<div class=\"elementor-widget-container\">\n\t\t\t\t\t\t\t\t\t\t\t\t\t\t\t<img decoding=\"async\" src=\"https:\/\/stephanielantz.fr\/wp-content\/uploads\/2022\/01\/crayons-en-bataille.jpg\" title=\"\" alt=\"\" loading=\"lazy\" \/>\t\t\t\t\t\t\t\t\t\t\t\t\t\t\t<\/div>\n\t\t\t\t<\/div>\n\t\t\t\t\t<\/div>\n\t\t<\/div>\n\t\t\t\t\t<\/div>\n\t\t<\/section>\n\t\t\t\t<section class=\"elementor-section elementor-top-section elementor-element elementor-element-26150db elementor-section-boxed elementor-section-height-default elementor-section-height-default\" data-id=\"26150db\" data-element_type=\"section\">\n\t\t\t\t\t\t<div class=\"elementor-container elementor-column-gap-default\">\n\t\t\t\t\t<div class=\"elementor-column elementor-col-100 elementor-top-column elementor-element elementor-element-5cce6ff\" data-id=\"5cce6ff\" data-element_type=\"column\">\n\t\t\t<div class=\"elementor-widget-wrap elementor-element-populated\">\n\t\t\t\t\t\t<div class=\"elementor-element elementor-element-c142b03 elementor-widget elementor-widget-text-editor\" data-id=\"c142b03\" data-element_type=\"widget\" data-widget_type=\"text-editor.default\">\n\t\t\t\t<div class=\"elementor-widget-container\">\n\t\t\t\t\t\t\t\t\t<p>Mon travail consiste \u00e0 favoriser l\u2019acquisition ou le retour \u00e0 une \u00e9criture fonctionnelle : confortable, lisible, suffisamment rapide.<\/p><p>Lib\u00e9r\u00e9e de \u00ab <em>ses maux<\/em> \u00bb, l\u2019\u00e9criture devient un support efficace d\u2019apprentissage, de r\u00e9flexion, d\u2019expression et de communication.<\/p><p>Reprendre son \u00e9criture en main\u2026<\/p><p>\u2026pour mieux apprendre, r\u00e9fl\u00e9chir, s\u2019exprimer et communiquer.<\/p>\t\t\t\t\t\t\t\t<\/div>\n\t\t\t\t<\/div>\n\t\t\t\t\t<\/div>\n\t\t<\/div>\n\t\t\t\t\t<\/div>\n\t\t<\/section>\n\t\t\t\t<\/div>\n\t\t","protected":false},"excerpt":{"rendered":"<p>Accueil Bienvenue\u00a0! \u00a0Pour une \u00e9criture lisible, confortable et fluide Mon travail consiste \u00e0 favoriser l\u2019acquisition ou le retour \u00e0 une \u00e9criture fonctionnelle : confortable, lisible, suffisamment rapide. Lib\u00e9r\u00e9e de \u00ab ses maux \u00bb, l\u2019\u00e9criture devient un support efficace d\u2019apprentissage, de r\u00e9flexion, d\u2019expression et de communication. Reprendre son \u00e9criture en main\u2026 \u2026pour mieux apprendre, r\u00e9fl\u00e9chir, s\u2019exprimer [&hellip;]<\/p>\n","protected":false},"author":1,"featured_media":0,"parent":0,"menu_order":0,"comment_status":"closed","ping_status":"closed","template":"","meta":{"footnotes":""},"class_list":["post-72","page","type-page","status-publish","hentry"],"yoast_head":"<!-- This site is optimized with the Yoast SEO plugin v22.4 - https:\/\/yoast.com\/wordpress\/plugins\/seo\/ -->\n<title>Accueil - St\u00e9phanie Lantz<\/title>\n<meta name=\"robots\" content=\"index, follow, max-snippet:-1, max-image-preview:large, max-video-preview:-1\" \/>\n<link rel=\"canonical\" href=\"https:\/\/stephanielantz.fr\/\" \/>\n<meta property=\"og:locale\" content=\"fr_FR\" \/>\n<meta property=\"og:type\" content=\"article\" \/>\n<meta property=\"og:title\" content=\"Accueil - St\u00e9phanie Lantz\" \/>\n<meta property=\"og:description\" content=\"Accueil Bienvenue\u00a0! \u00a0Pour une \u00e9criture lisible, confortable et fluide Mon travail consiste \u00e0 favoriser l\u2019acquisition ou le retour \u00e0 une \u00e9criture fonctionnelle : confortable, lisible, suffisamment rapide. Lib\u00e9r\u00e9e de \u00ab ses maux \u00bb, l\u2019\u00e9criture devient un support efficace d\u2019apprentissage, de r\u00e9flexion, d\u2019expression et de communication. Reprendre son \u00e9criture en main\u2026 \u2026pour mieux apprendre, r\u00e9fl\u00e9chir, s\u2019exprimer [&hellip;]\" \/>\n<meta property=\"og:url\" content=\"https:\/\/stephanielantz.fr\/\" \/>\n<meta property=\"og:site_name\" content=\"St\u00e9phanie Lantz\" \/>\n<meta property=\"article:modified_time\" content=\"2022-04-14T09:23:36+00:00\" \/>\n<meta property=\"og:image\" content=\"http:\/\/stephanielantz.fr\/wp-content\/uploads\/2022\/04\/Titre-acceuil.png\" \/>\n<meta name=\"twitter:card\" content=\"summary_large_image\" \/>\n<meta name=\"twitter:label1\" content=\"Dur\u00e9e de lecture estim\u00e9e\" \/>\n\t<meta name=\"twitter:data1\" content=\"1 minute\" \/>\n<script type=\"application\/ld+json\" class=\"yoast-schema-graph\">{\"@context\":\"https:\/\/schema.org\",\"@graph\":[{\"@type\":\"WebPage\",\"@id\":\"https:\/\/stephanielantz.fr\/\",\"url\":\"https:\/\/stephanielantz.fr\/\",\"name\":\"Accueil - St\u00e9phanie Lantz\",\"isPartOf\":{\"@id\":\"https:\/\/stephanielantz.fr\/#website\"},\"primaryImageOfPage\":{\"@id\":\"https:\/\/stephanielantz.fr\/#primaryimage\"},\"image\":{\"@id\":\"https:\/\/stephanielantz.fr\/#primaryimage\"},\"thumbnailUrl\":\"http:\/\/stephanielantz.fr\/wp-content\/uploads\/2022\/04\/Titre-acceuil.png\",\"datePublished\":\"2021-09-29T22:12:19+00:00\",\"dateModified\":\"2022-04-14T09:23:36+00:00\",\"breadcrumb\":{\"@id\":\"https:\/\/stephanielantz.fr\/#breadcrumb\"},\"inLanguage\":\"fr-FR\",\"potentialAction\":[{\"@type\":\"ReadAction\",\"target\":[\"https:\/\/stephanielantz.fr\/\"]}]},{\"@type\":\"ImageObject\",\"inLanguage\":\"fr-FR\",\"@id\":\"https:\/\/stephanielantz.fr\/#primaryimage\",\"url\":\"https:\/\/stephanielantz.fr\/wp-content\/uploads\/2022\/04\/Titre-acceuil.png\",\"contentUrl\":\"https:\/\/stephanielantz.fr\/wp-content\/uploads\/2022\/04\/Titre-acceuil.png\",\"width\":291,\"height\":112},{\"@type\":\"BreadcrumbList\",\"@id\":\"https:\/\/stephanielantz.fr\/#breadcrumb\",\"itemListElement\":[{\"@type\":\"ListItem\",\"position\":1,\"name\":\"Accueil\",\"item\":\"https:\/\/stephanielantz.fr\/\"},{\"@type\":\"ListItem\",\"position\":2,\"name\":\"Accueil\"}]},{\"@type\":\"WebSite\",\"@id\":\"https:\/\/stephanielantz.fr\/#website\",\"url\":\"https:\/\/stephanielantz.fr\/\",\"name\":\"St\u00e9phanie Lantz\",\"description\":\"Graphoth\u00e9rapeute    -   R\u00e9\u00e9ducatrice de l&#039;\u00e9criture\",\"publisher\":{\"@id\":\"https:\/\/stephanielantz.fr\/#organization\"},\"potentialAction\":[{\"@type\":\"SearchAction\",\"target\":{\"@type\":\"EntryPoint\",\"urlTemplate\":\"https:\/\/stephanielantz.fr\/?s={search_term_string}\"},\"query-input\":\"required name=search_term_string\"}],\"inLanguage\":\"fr-FR\"},{\"@type\":\"Organization\",\"@id\":\"https:\/\/stephanielantz.fr\/#organization\",\"name\":\"St\u00e9phanie Lantz\",\"url\":\"https:\/\/stephanielantz.fr\/\",\"logo\":{\"@type\":\"ImageObject\",\"inLanguage\":\"fr-FR\",\"@id\":\"https:\/\/stephanielantz.fr\/#\/schema\/logo\/image\/\",\"url\":\"https:\/\/stephanielantz.fr\/wp-content\/uploads\/2021\/09\/Logi-Stephanie-Signature.png\",\"contentUrl\":\"https:\/\/stephanielantz.fr\/wp-content\/uploads\/2021\/09\/Logi-Stephanie-Signature.png\",\"width\":432,\"height\":98,\"caption\":\"St\u00e9phanie Lantz\"},\"image\":{\"@id\":\"https:\/\/stephanielantz.fr\/#\/schema\/logo\/image\/\"}}]}<\/script>\n<!-- \/ Yoast SEO plugin. -->","yoast_head_json":{"title":"Accueil - St\u00e9phanie Lantz","robots":{"index":"index","follow":"follow","max-snippet":"max-snippet:-1","max-image-preview":"max-image-preview:large","max-video-preview":"max-video-preview:-1"},"canonical":"https:\/\/stephanielantz.fr\/","og_locale":"fr_FR","og_type":"article","og_title":"Accueil - St\u00e9phanie Lantz","og_description":"Accueil Bienvenue\u00a0! \u00a0Pour une \u00e9criture lisible, confortable et fluide Mon travail consiste \u00e0 favoriser l\u2019acquisition ou le retour \u00e0 une \u00e9criture fonctionnelle : confortable, lisible, suffisamment rapide. Lib\u00e9r\u00e9e de \u00ab ses maux \u00bb, l\u2019\u00e9criture devient un support efficace d\u2019apprentissage, de r\u00e9flexion, d\u2019expression et de communication. Reprendre son \u00e9criture en main\u2026 \u2026pour mieux apprendre, r\u00e9fl\u00e9chir, s\u2019exprimer [&hellip;]","og_url":"https:\/\/stephanielantz.fr\/","og_site_name":"St\u00e9phanie Lantz","article_modified_time":"2022-04-14T09:23:36+00:00","og_image":[{"url":"http:\/\/stephanielantz.fr\/wp-content\/uploads\/2022\/04\/Titre-acceuil.png"}],"twitter_card":"summary_large_image","twitter_misc":{"Dur\u00e9e de lecture estim\u00e9e":"1 minute"},"schema":{"@context":"https:\/\/schema.org","@graph":[{"@type":"WebPage","@id":"https:\/\/stephanielantz.fr\/","url":"https:\/\/stephanielantz.fr\/","name":"Accueil - St\u00e9phanie Lantz","isPartOf":{"@id":"https:\/\/stephanielantz.fr\/#website"},"primaryImageOfPage":{"@id":"https:\/\/stephanielantz.fr\/#primaryimage"},"image":{"@id":"https:\/\/stephanielantz.fr\/#primaryimage"},"thumbnailUrl":"http:\/\/stephanielantz.fr\/wp-content\/uploads\/2022\/04\/Titre-acceuil.png","datePublished":"2021-09-29T22:12:19+00:00","dateModified":"2022-04-14T09:23:36+00:00","breadcrumb":{"@id":"https:\/\/stephanielantz.fr\/#breadcrumb"},"inLanguage":"fr-FR","potentialAction":[{"@type":"ReadAction","target":["https:\/\/stephanielantz.fr\/"]}]},{"@type":"ImageObject","inLanguage":"fr-FR","@id":"https:\/\/stephanielantz.fr\/#primaryimage","url":"https:\/\/stephanielantz.fr\/wp-content\/uploads\/2022\/04\/Titre-acceuil.png","contentUrl":"https:\/\/stephanielantz.fr\/wp-content\/uploads\/2022\/04\/Titre-acceuil.png","width":291,"height":112},{"@type":"BreadcrumbList","@id":"https:\/\/stephanielantz.fr\/#breadcrumb","itemListElement":[{"@type":"ListItem","position":1,"name":"Accueil","item":"https:\/\/stephanielantz.fr\/"},{"@type":"ListItem","position":2,"name":"Accueil"}]},{"@type":"WebSite","@id":"https:\/\/stephanielantz.fr\/#website","url":"https:\/\/stephanielantz.fr\/","name":"St\u00e9phanie Lantz","description":"Graphoth\u00e9rapeute    -   R\u00e9\u00e9ducatrice de l&#039;\u00e9criture","publisher":{"@id":"https:\/\/stephanielantz.fr\/#organization"},"potentialAction":[{"@type":"SearchAction","target":{"@type":"EntryPoint","urlTemplate":"https:\/\/stephanielantz.fr\/?s={search_term_string}"},"query-input":"required name=search_term_string"}],"inLanguage":"fr-FR"},{"@type":"Organization","@id":"https:\/\/stephanielantz.fr\/#organization","name":"St\u00e9phanie Lantz","url":"https:\/\/stephanielantz.fr\/","logo":{"@type":"ImageObject","inLanguage":"fr-FR","@id":"https:\/\/stephanielantz.fr\/#\/schema\/logo\/image\/","url":"https:\/\/stephanielantz.fr\/wp-content\/uploads\/2021\/09\/Logi-Stephanie-Signature.png","contentUrl":"https:\/\/stephanielantz.fr\/wp-content\/uploads\/2021\/09\/Logi-Stephanie-Signature.png","width":432,"height":98,"caption":"St\u00e9phanie Lantz"},"image":{"@id":"https:\/\/stephanielantz.fr\/#\/schema\/logo\/image\/"}}]}},"_links":{"self":[{"href":"https:\/\/stephanielantz.fr\/index.php\/wp-json\/wp\/v2\/pages\/72","targetHints":{"allow":["GET"]}}],"collection":[{"href":"https:\/\/stephanielantz.fr\/index.php\/wp-json\/wp\/v2\/pages"}],"about":[{"href":"https:\/\/stephanielantz.fr\/index.php\/wp-json\/wp\/v2\/types\/page"}],"author":[{"embeddable":true,"href":"https:\/\/stephanielantz.fr\/index.php\/wp-json\/wp\/v2\/users\/1"}],"replies":[{"embeddable":true,"href":"https:\/\/stephanielantz.fr\/index.php\/wp-json\/wp\/v2\/comments?post=72"}],"version-history":[{"count":85,"href":"https:\/\/stephanielantz.fr\/index.php\/wp-json\/wp\/v2\/pages\/72\/revisions"}],"predecessor-version":[{"id":1204,"href":"https:\/\/stephanielantz.fr\/index.php\/wp-json\/wp\/v2\/pages\/72\/revisions\/1204"}],"wp:attachment":[{"href":"https:\/\/stephanielantz.fr\/index.php\/wp-json\/wp\/v2\/media?parent=72"}],"curies":[{"name":"wp","href":"https:\/\/api.w.org\/{rel}","templated":true}]}}